{"id":101,"date":"2020-01-01T12:48:33","date_gmt":"2020-01-01T12:48:33","guid":{"rendered":"http:\/\/localhost\/demo\/payment-checkout\/"},"modified":"2020-01-01T12:48:33","modified_gmt":"2020-01-01T12:48:33","slug":"payment-checkout","status":"publish","type":"page","link":"https:\/\/antalyaexplore.com\/ru\/payment-checkout\/","title":{"rendered":"Payment Checkout"},"content":{"rendered":"\t\t<div data-elementor-type=\"wp-page\" data-elementor-id=\"101\" class=\"elementor elementor-101\">\n\t\t\t\t<div class=\"elementor-element elementor-element-7fe2c16 e-flex e-con-boxed e-con e-parent\" data-id=\"7fe2c16\" data-element_type=\"container\">\n\t\t\t\t\t<div class=\"e-con-inner\">\n\t\t\t\t<div class=\"elementor-element elementor-element-96b4aba elementor-widget elementor-widget-listing-checkout\" data-id=\"96b4aba\" data-element_type=\"widget\" data-widget_type=\"listing-checkout.default\">\n\t\t\t\t<div class=\"elementor-widget-container\">\n\t\t\t\t\t<div class=\"page-container-four clearfix\"><div class=\"col-md-10 col-md-offset-1\"><div class=\"lp_payment_steps_area\">\r\n\t<!-- timeline on checkout page -->\r\n\t<ol class=\"lp-checkout-steps\">\r\n\t  <li class=\"firstStep\"><span class=\"number\">1<\/span><span class=\"description\">SELECT PAYMENT<\/span><\/li>\r\n\t  <li class=\"secondStep\"><span class=\"number\">2<\/span><span class=\"description\">REVIEW PAYMENT<\/span><\/li>\r\n\t  <li class=\"thirdStep\"><span class=\"number\">3<\/span><span class=\"description\">DONE<\/span><\/li>\r\n\t<\/ol>\r\n<\/div><form autocomplete=\"off\" id=\"listings_checkout_form\" class=\"lp-listing-form\" name =\"listings_checkout_form\" action=\"\" method=\"post\" data-recurring=\"yes\" data-currencypos=\"right\" data-currencysymbol=\"&#8378;\"><div class=\"row\"><div class=\"col-md-8\"><p class=\"text-center\">Sorry! You have no paid listings yet!<\/p><div class=\"lp-checkout-coupon-outer\">\r\n\t\t\t\t\t\t\t\t<ul class=\"checkout-item-price-total\">\r\n\t\t\t\t\t\t\t\t\t<li>\r\n\t\t\t\t\t\t\t\t\t\t<span class=\"item-price-total-left\"><b>ITEM<\/b><\/span>\r\n\t\t\t\t\t\t\t\t\t\t<span class=\"item-price-total-right\"><b>PRICE<\/b><\/span>\r\n\r\n\t\t\t\t\t\t\t\t\t<\/li>\r\n\t\t\t\t\t\t\t\t\t<li>\r\n\t\t\t\t\t\t\t\t\t\t<span class=\"item-price-total-left lp-subtotal-plan\"><\/span>\r\n\t\t\t\t\t\t\t\t\t\t<span class=\"item-price-total-right lp-subtotal-p-price\"><\/span>\r\n\r\n\t\t\t\t\t\t\t\t\t<\/li>\r\n\t\t\t\t\t\t\t\t\t\t<li>\r\n\t\t\t\t\t\t\t\t\t\t\t<span class=\"item-price-total-left\">Tax(Value Added Tax)<\/span>\r\n\t\t\t\t\t\t\t\t\t\t\t<span class=\"item-price-total-right lp-subtotal-taxamount\"><\/span>\r\n\r\n\t\t\t\t\t\t\t\t\t\t<\/li>\r\n\t\t\t\t\t\t\t\t\t<li>\r\n\t\t\t\t\t\t\t\t\t\t<span class=\"item-price-total-left\"><b>Total<\/b><\/span>\r\n\t\t\t\t\t\t\t\t\t\t<span class=\"item-price-total-right lp-subtotal-total-price\"><b><\/b><\/span>\r\n\r\n\t\t\t\t\t\t\t\t\t<\/li>\r\n\r\n\t\t\t\t\t\t\t\t<\/ul>\r\n\r\n\t\t\t\t\t\t<\/div><\/div><div class=\"col-md-4 lp-col-outer\"><div class=\"lp-rightbnk-transfer-msg lp-rightbnk-transfer-msg-new\"><div class=\"lp-method-wrap\"><label><div class=\"radio radio-danger\">\r\n\t\t\t\t\t\t\t\t<input type=\"radio\" name=\"plan\" id=\"rd2\" value=\"paypal\">\r\n\t\t\t\t\t\t\t\t<label for=\"rd2\">\r\n\t\t\t\t\t\t\t\t \r\n\t\t\t\t\t\t\t\t<\/label>\r\n\t\t\t\t\t\t\t<\/div><p>Paypal<\/p><div class=\"lp-checkout-payment-img\"><img decoding=\"async\" alt=\"image\" src=\"https:\/\/antalyaexplore.com\/wp-content\/themes\/listingpro\/assets\/images\/paypal.png\"><\/div><\/label><\/div><div class=\"lp-method-wrap lp-checkout-recurring-wrap\">\r\n                            <div class=\"lp-checkout-coupon-code\">\r\n                                <div class=\"lp-onoff-switch-checkbox\">\r\n                                    <label class=\"switch-checkbox-label\">\r\n                                        <input type=\"checkbox\" name=\"lp-recurring-option\" value=\"yes\" >\r\n                                        <span class=\"switch-checkbox-styling\">\r\n                                        <\/span>\r\n                                    <\/label>\r\n                                <\/div>\r\n                                <span class=\"lp-text-switch-checkbox\">Recurring Payment<\/span><\/div><\/div><\/div><div class=\"lp-recurring-button-wrap\"><\/div>\r\n\t\t\t\t\t\t<button type=\"button\" class=\"lp_payment_step_next firstStep\" disabled>PROCEED TO NEXT<\/button>\r\n\t\t\t\t\t<\/div><\/div><\/form>\r\n\t\t\t\t\t\t\t<button id=\"stripe-submit\">Purchase<\/button>\r\n\r\n\t\t\t\t\t\t\t\t<script>\r\n\t\t\t\t\t\t\t\tvar post_title = \"\";\r\n\t\t\t\t\t\t\t\tlistings_id = \"\";\r\n\t\t\t\t\t\t\t\tlistings_img = \"\";\r\n\t\t\t\t\t\t\t\tplan_price = \"\";\r\n\t\t\t\t\t\t\t\tcurrency = \"\";\r\n\t\t\t\t\t\t\t\tplan_id = \"\";\r\n\t\t\t\t\t\t\t\tlisting_img = \"\";\r\n\t\t\t\t\t\t\t\ttaxrate = \"\";\r\n\t\t\t\t\t\t\t\tcoupon = \"\";\r\n\t\t\t\t\t\t\t\tjQuery(\"button.lp_payment_step_next\").click(function(){\r\n\t\t\t\t\t\t\t\t\tlistings_id = \"\";\r\n\t\t\t\t\t\t\t\t\tlistings_id = jQuery(\"#listings_checkout_form input[name=listing_id]:checked\").val();\r\n\t\t\t\t\t\t\t\t\tplan_id = \"\";\r\n\t\t\t\t\t\t\t\t\tplan_id = jQuery(\"#listings_checkout_form input[name=listing_id]:checked\").data(\"planid\");\r\n\t\t\t\t\t\t\t\t\ttaxrate = jQuery(\"#listings_checkout_form input[name=listing_id]:checked\").data(\"taxrate\");\r\n                                    coupon = jQuery(\"#listings_checkout_form input[name=coupon-text-field]\").val();\r\n\t\t\t\t\t\t\t\t});\r\n\t\t\t\t\t\t\t\tvar recurringtext =\"\";\r\n\t\t\t\t\t\t\t\tjQuery(\"#listings_checkout_form\").submit(function(){\r\n\t\t\t\t\t\t\t\t\trecurringtext = jQuery(\"input[name=lp-recurring-option]:checked\").val();\r\n\t\t\t\t\t\t\t\t});\r\n\t\t\t\t\t\t\t\t\r\n\t\t\t\t\t\t\t\tvar token_email, token_id;\r\n\t\t\t\t\t\t\t\tvar handler = StripeCheckout.configure({\r\n\t\t\t\t\t\t\t\t  key: \"pk_test_CWzoQxGab6gCbqVnipQNY3xb\",\r\n\t\t\t\t\t\t\t\t  image: \"https:\/\/stripe.com\/img\/documentation\/checkout\/marketplace.png\",\r\n\t\t\t\t\t\t\t\t  locale: \"auto\",\r\n\t\t\t\t\t\t\t\t  token: function(token) {\r\n\t\t\t\t\t\t\t\t\tconsole.log(token);\r\n\t\t\t\t\t\t\t\t\ttoken_id = token.id;\r\n\t\t\t\t\t\t\t\t\ttoken_email = token.email;\r\n\t\t\t\t\t\t\t\t\tjQuery(\"body\").addClass(\"listingpro-loading\");\r\n\t\t\t\t\t\t\t\t\tjQuery.ajax({\r\n\t\t\t\t\t\t\t\t\t\ttype: \"POST\",\r\n\t\t\t\t\t\t\t\t\t\tdataType: \"json\",\r\n\t\t\t\t\t\t\t\t\t\turl: \"https:\/\/antalyaexplore.com\/wp-admin\/admin-ajax.php\",\r\n\t\t\t\t\t\t\t\t\t\tdata: { \r\n\t\t\t\t\t\t\t\t\t\t\t\"action\": \"listingpro_save_stripe\", \r\n\t\t\t\t\t\t\t\t\t\t\t\"token\": token_id, \r\n\t\t\t\t\t\t\t\t\t\t\t\"email\": token_email, \r\n\t\t\t\t\t\t\t\t\t\t\t\"listing\": listings_id, \r\n\t\t\t\t\t\t\t\t\t\t\t\"plan\": plan_id,\r\n\t\t\t\t\t\t\t\t\t\t\t\"plan_price\": jQuery(\"#listings_checkout_form input[name=plan_price]\").val(),\r\n\t\t\t\t\t\t\t\t\t\t\t\"taxrate\": jQuery(\"#listings_checkout_form input[name=listings_tax_price]\").val(),\t\t\t\t\t\r\n\t\t\t\t\t\t\t\t\t\t\t\"coupon\": coupon,\t\t\t\t\t\r\n\t\t\t\t\t\t\t\t\t\t\t\"recurring\" : recurringtext,\t\t\t\t\t\t\r\n\t\t\t\t\t\t\t\t\t\t},   \r\n\t\t\t\t\t\t\t\t\t\tsuccess: function(res){\r\n\t\t\t\t\t\t\t\t\t\t\tif(res.status==\"success\"){\r\n\t\t\t\t\t\t\t\t\t\t\t\tredURL = res.redirect;\r\n\t\t\t\t\t\t\t\t\t\t\t\tif(res.status==\"success\"){\r\n\t\t\t\t\t\t\t\t\t\t\t\t\twindow.location.href = redURL;\r\n\t\t\t\t\t\t\t\t\t\t\t\t\tjQuery(\"body\").removeClass(\"listingpro-loading\");\r\n\t\t\t\t\t\t\t\t\t\t\t\t}\r\n\t\t\t\t\t\t\t\t\t\t\t}\r\n\t\t\t\t\t\t\t\t\t\t\tif(res.status==\"fail\"){\r\n\t\t\t\t\t\t\t\t\t\t\t\talert(res.redirect);\r\n\t\t\t\t\t\t\t\t\t\t\t\tjQuery(\"body\").removeClass(\"listingpro-loading\");\r\n\t\t\t\t\t\t\t\t\t\t\t}\r\n\t\t\t\t\t\t\t\t\t\t\t\r\n\t\t\t\t\t\t\t\t\t\t},\r\n\t\t\t\t\t\t\t\t\t\terror: function(errorThrown){\r\n\t\t\t\t\t\t\t\t\t\t\talert(errorThrown);\r\n\t\t\t\t\t\t\t\t\t\t\tjQuery(\"body\").removeClass(\"listingpro-loading\");\r\n\t\t\t\t\t\t\t\t\t\t} \r\n\t\t\t\t\t\t\t\t\t});\r\n\t\t\t\t\t\t\t\t\t\r\n\r\n\t\t\t\t\t\t\t\t  }\r\n\t\t\t\t\t\t\t\t});\r\n\r\n\t\t\t\t\t\t\t\t\/\/ Close Checkout on page navigation:\r\n\t\t\t\t\t\t\t\twindow.addEventListener(\"popstate\", function() {\r\n\t\t\t\t\t\t\t\t  handler.close();\r\n\t\t\t\t\t\t\t\t});\r\n\t\t\t\t\t\t\t\t<\/script>\r\n\t\t\t\t\t\t\t\t\r\n\t\t\t\t\t\t\t\t\t\t\t\t<\/div>\n\t\t\t\t<\/div>\n\t\t\t\t\t<\/div>\n\t\t\t\t<\/div>\n\t\t\t\t<\/div>\n\t\t","protected":false},"excerpt":{"rendered":"","protected":false},"author":1,"featured_media":0,"parent":0,"menu_order":0,"comment_status":"closed","ping_status":"closed","template":"","meta":{"_srk_meta_title":"","_srk_meta_description":"","_srk_robots_meta":[],"_srk_canonical_url":"","_srk_advanced_settings":[],"_srk_last_sync":0,"footnotes":""},"class_list":["post-101","page","type-page","status-publish","hentry"],"cubewp_post_meta":[],"taxonomies":[],"yoast_head":"<!-- This site is optimized with the Yoast SEO Premium plugin v26.7 (Yoast SEO v26.7) - https:\/\/yoast.com\/wordpress\/plugins\/seo\/ -->\n<title>Payment Checkout - Antalya Explore | Antalya City Guide, Tours &amp; Local Businesses<\/title>\n<meta name=\"robots\" content=\"index, follow, max-snippet:-1, max-image-preview:large, max-video-preview:-1\" \/>\n<link rel=\"canonical\" href=\"https:\/\/antalyaexplore.com\/ru\/payment-checkout\/\" \/>\n<meta property=\"og:locale\" content=\"ru_RU\" \/>\n<meta property=\"og:type\" content=\"article\" \/>\n<meta property=\"og:title\" content=\"Payment Checkout\" \/>\n<meta property=\"og:url\" content=\"https:\/\/antalyaexplore.com\/ru\/payment-checkout\/\" \/>\n<meta property=\"og:site_name\" content=\"Antalya Explore | Antalya City Guide, Tours &amp; Local Businesses\" \/>\n<meta property=\"og:image\" content=\"https:\/\/antalyaexplore.com\/wp-content\/uploads\/2026\/04\/cropped-Gemini_Generated_Image_qeeoqfqeeoqfqeeo.png\" \/>\n\t<meta property=\"og:image:width\" content=\"512\" \/>\n\t<meta property=\"og:image:height\" content=\"512\" \/>\n\t<meta property=\"og:image:type\" content=\"image\/png\" \/>\n<meta name=\"twitter:card\" content=\"summary_large_image\" \/>\n<script type=\"application\/ld+json\" class=\"yoast-schema-graph\">{\"@context\":\"https:\/\/schema.org\",\"@graph\":[{\"@type\":\"WebPage\",\"@id\":\"https:\/\/antalyaexplore.com\/payment-checkout\/\",\"url\":\"https:\/\/antalyaexplore.com\/payment-checkout\/\",\"name\":\"Payment Checkout - Antalya Explore | Antalya City Guide, Tours &amp; Local Businesses\",\"isPartOf\":{\"@id\":\"https:\/\/antalyaexplore.com\/#website\"},\"datePublished\":\"2020-01-01T12:48:33+00:00\",\"breadcrumb\":{\"@id\":\"https:\/\/antalyaexplore.com\/payment-checkout\/#breadcrumb\"},\"inLanguage\":\"ru-RU\",\"potentialAction\":[{\"@type\":\"ReadAction\",\"target\":[\"https:\/\/antalyaexplore.com\/payment-checkout\/\"]}]},{\"@type\":\"BreadcrumbList\",\"@id\":\"https:\/\/antalyaexplore.com\/payment-checkout\/#breadcrumb\",\"itemListElement\":[{\"@type\":\"ListItem\",\"position\":1,\"name\":\"Anasayfa\",\"item\":\"https:\/\/antalyaexplore.com\/\"},{\"@type\":\"ListItem\",\"position\":2,\"name\":\"Payment Checkout\"}]},{\"@type\":\"WebSite\",\"@id\":\"https:\/\/antalyaexplore.com\/#website\",\"url\":\"https:\/\/antalyaexplore.com\/\",\"name\":\"Antalya Explore | Best Tours, Transfers, Restaurants & Beach Clubs in Antalya\",\"description\":\"Discover the best of Antalya: From luxury beach resorts and hidden spas to top-rated restaurants and daily excursions.\",\"publisher\":{\"@id\":\"https:\/\/antalyaexplore.com\/#organization\"},\"alternateName\":\"ExploreAntalya AntalyaBooking AntalyaHub VisitAntalya AntalyaTrips\",\"potentialAction\":[{\"@type\":\"SearchAction\",\"target\":{\"@type\":\"EntryPoint\",\"urlTemplate\":\"https:\/\/antalyaexplore.com\/?s={search_term_string}\"},\"query-input\":{\"@type\":\"PropertyValueSpecification\",\"valueRequired\":true,\"valueName\":\"search_term_string\"}}],\"inLanguage\":\"ru-RU\"},{\"@type\":\"Organization\",\"@id\":\"https:\/\/antalyaexplore.com\/#organization\",\"name\":\"Antalya Explore Travel Solutions\",\"alternateName\":\"Antalya Explore Tourism\",\"url\":\"https:\/\/antalyaexplore.com\/\",\"logo\":{\"@type\":\"ImageObject\",\"inLanguage\":\"ru-RU\",\"@id\":\"https:\/\/antalyaexplore.com\/#\/schema\/logo\/image\/\",\"url\":\"https:\/\/antalyaexplore.com\/wp-content\/uploads\/2026\/04\/ChatGPT-Image-11-Nis-2026-20_32_31-1024x683.png\",\"contentUrl\":\"https:\/\/antalyaexplore.com\/wp-content\/uploads\/2026\/04\/ChatGPT-Image-11-Nis-2026-20_32_31-1024x683.png\",\"width\":1024,\"height\":683,\"caption\":\"Antalya Explore Travel Solutions\"},\"image\":{\"@id\":\"https:\/\/antalyaexplore.com\/#\/schema\/logo\/image\/\"},\"sameAs\":[\"https:\/\/www.instagram.com\/antalyaexplore_com\/\"],\"description\":\"Antalya Explore, Antalya\u2019daki airport transfer, boat tours, beach clubs, restaurants, shopping, rent a car ve turistik aktiviteleri ziyaret\u00e7ilerle bulu\u015fturan dijital turizm ve ke\u015fif platformudur. Platform, kullan\u0131c\u0131lara g\u00fcvenilir i\u015fletmeleri ke\u015ffetme ve rezervasyon yapma imkan\u0131 sunarken, i\u015fletmelere dijital g\u00f6r\u00fcn\u00fcrl\u00fck ve m\u00fc\u015fteri eri\u015fimi sa\u011flamaktad\u0131r.\",\"email\":\"info@antalyaexplore.com\",\"telephone\":\"+905431212110\"}]}<\/script>\n<!-- \/ Yoast SEO Premium plugin. -->","yoast_head_json":{"title":"Payment Checkout - Antalya Explore | Antalya City Guide, Tours &amp; Local Businesses","robots":{"index":"index","follow":"follow","max-snippet":"max-snippet:-1","max-image-preview":"max-image-preview:large","max-video-preview":"max-video-preview:-1"},"canonical":"https:\/\/antalyaexplore.com\/ru\/payment-checkout\/","og_locale":"ru_RU","og_type":"article","og_title":"Payment Checkout","og_url":"https:\/\/antalyaexplore.com\/ru\/payment-checkout\/","og_site_name":"Antalya Explore | Antalya City Guide, Tours &amp; Local Businesses","og_image":[{"width":512,"height":512,"url":"https:\/\/antalyaexplore.com\/wp-content\/uploads\/2026\/04\/cropped-Gemini_Generated_Image_qeeoqfqeeoqfqeeo.png","type":"image\/png"}],"twitter_card":"summary_large_image","schema":{"@context":"https:\/\/schema.org","@graph":[{"@type":"WebPage","@id":"https:\/\/antalyaexplore.com\/payment-checkout\/","url":"https:\/\/antalyaexplore.com\/payment-checkout\/","name":"Payment Checkout - Antalya Explore | Antalya City Guide, Tours &amp; Local Businesses","isPartOf":{"@id":"https:\/\/antalyaexplore.com\/#website"},"datePublished":"2020-01-01T12:48:33+00:00","breadcrumb":{"@id":"https:\/\/antalyaexplore.com\/payment-checkout\/#breadcrumb"},"inLanguage":"ru-RU","potentialAction":[{"@type":"ReadAction","target":["https:\/\/antalyaexplore.com\/payment-checkout\/"]}]},{"@type":"BreadcrumbList","@id":"https:\/\/antalyaexplore.com\/payment-checkout\/#breadcrumb","itemListElement":[{"@type":"ListItem","position":1,"name":"Anasayfa","item":"https:\/\/antalyaexplore.com\/"},{"@type":"ListItem","position":2,"name":"Payment Checkout"}]},{"@type":"WebSite","@id":"https:\/\/antalyaexplore.com\/#website","url":"https:\/\/antalyaexplore.com\/","name":"Antalya Explore | Best Tours, Transfers, Restaurants & Beach Clubs in Antalya","description":"Discover the best of Antalya: From luxury beach resorts and hidden spas to top-rated restaurants and daily excursions.","publisher":{"@id":"https:\/\/antalyaexplore.com\/#organization"},"alternateName":"ExploreAntalya AntalyaBooking AntalyaHub VisitAntalya AntalyaTrips","potentialAction":[{"@type":"SearchAction","target":{"@type":"EntryPoint","urlTemplate":"https:\/\/antalyaexplore.com\/?s={search_term_string}"},"query-input":{"@type":"PropertyValueSpecification","valueRequired":true,"valueName":"search_term_string"}}],"inLanguage":"ru-RU"},{"@type":"Organization","@id":"https:\/\/antalyaexplore.com\/#organization","name":"Antalya Explore Travel Solutions","alternateName":"Antalya Explore Tourism","url":"https:\/\/antalyaexplore.com\/","logo":{"@type":"ImageObject","inLanguage":"ru-RU","@id":"https:\/\/antalyaexplore.com\/#\/schema\/logo\/image\/","url":"https:\/\/antalyaexplore.com\/wp-content\/uploads\/2026\/04\/ChatGPT-Image-11-Nis-2026-20_32_31-1024x683.png","contentUrl":"https:\/\/antalyaexplore.com\/wp-content\/uploads\/2026\/04\/ChatGPT-Image-11-Nis-2026-20_32_31-1024x683.png","width":1024,"height":683,"caption":"Antalya Explore Travel Solutions"},"image":{"@id":"https:\/\/antalyaexplore.com\/#\/schema\/logo\/image\/"},"sameAs":["https:\/\/www.instagram.com\/antalyaexplore_com\/"],"description":"Antalya Explore, Antalya\u2019daki airport transfer, boat tours, beach clubs, restaurants, shopping, rent a car ve turistik aktiviteleri ziyaret\u00e7ilerle bulu\u015fturan dijital turizm ve ke\u015fif platformudur. Platform, kullan\u0131c\u0131lara g\u00fcvenilir i\u015fletmeleri ke\u015ffetme ve rezervasyon yapma imkan\u0131 sunarken, i\u015fletmelere dijital g\u00f6r\u00fcn\u00fcrl\u00fck ve m\u00fc\u015fteri eri\u015fimi sa\u011flamaktad\u0131r.","email":"info@antalyaexplore.com","telephone":"+905431212110"}]}},"_links":{"self":[{"href":"https:\/\/antalyaexplore.com\/ru\/wp-json\/wp\/v2\/pages\/101","targetHints":{"allow":["GET"]}}],"collection":[{"href":"https:\/\/antalyaexplore.com\/ru\/wp-json\/wp\/v2\/pages"}],"about":[{"href":"https:\/\/antalyaexplore.com\/ru\/wp-json\/wp\/v2\/types\/page"}],"author":[{"embeddable":true,"href":"https:\/\/antalyaexplore.com\/ru\/wp-json\/wp\/v2\/users\/1"}],"replies":[{"embeddable":true,"href":"https:\/\/antalyaexplore.com\/ru\/wp-json\/wp\/v2\/comments?post=101"}],"version-history":[{"count":0,"href":"https:\/\/antalyaexplore.com\/ru\/wp-json\/wp\/v2\/pages\/101\/revisions"}],"wp:attachment":[{"href":"https:\/\/antalyaexplore.com\/ru\/wp-json\/wp\/v2\/media?parent=101"}],"curies":[{"name":"wp","href":"https:\/\/api.w.org\/{rel}","templated":true}]}}