{"id":30133,"date":"2026-05-11T10:40:16","date_gmt":"2026-05-11T10:40:16","guid":{"rendered":"https:\/\/antalyaexplore.com\/antalya-airport-to-alanya-transfer\/"},"modified":"2026-05-11T11:35:41","modified_gmt":"2026-05-11T11:35:41","slug":"antalya-airport-to-alanya-transfer","status":"publish","type":"page","link":"https:\/\/antalyaexplore.com\/ru\/antalya-airport-to-alanya-transfer\/","title":{"rendered":"Antalya Airport to Alanya Transfer"},"content":{"rendered":"<div data-elementor-type=\"wp-page\" data-elementor-id=\"30133\" class=\"elementor elementor-30133\">\n\t\t\t\t<div class=\"elementor-element elementor-element-44e38178 e-flex e-con-boxed e-con e-parent\" data-id=\"44e38178\" data-element_type=\"container\">\n\t\t\t\t\t<div class=\"e-con-inner\">\n\t\t\t\t<div class=\"elementor-element elementor-element-4edd68fd elementor-widget elementor-widget-text-editor\" data-id=\"4edd68fd\" data-element_type=\"widget\" data-widget_type=\"text-editor.default\">\n\t\t\t\t\t\t\t\t\t<h1>Antalya Airport to Alanya Transfer<\/h1><p>Travel comfortably from Antalya Airport to Alanya with our professional transfer services. Enjoy safe and reliable transportation with experienced drivers and modern vehicles.<\/p><p>Alanya is one of the most popular travel destinations in Antalya. The distance from Antalya Airport is approximately 125 kilometers and the journey usually takes around 2 hours depending on traffic conditions.<\/p><h2>Why Choose Our Transfer Service?<\/h2><ul><li>24\/7 airport pickup service<\/li><li>Professional English speaking drivers<\/li><li>VIP and private vehicle options<\/li><li>Affordable fixed prices<\/li><li>Direct hotel drop-off<\/li><li>Comfortable air-conditioned vehicles<\/li><\/ul><h2>Comfortable and Safe Transfers<\/h2><p>Our Antalya airport transfer services are designed for tourists, families, couples and groups looking for a stress-free travel experience.<\/p><h2>Book Your Transfer Today<\/h2><p>Reserve your airport transfer online and enjoy a safe, reliable and comfortable transportation experience in Antalya.<\/p>\r\n\r\nantalya-airport-to-alanya-transfer\t\t\t\t\t\t\t\t<\/div>\n\t\t\t\t\t<\/div>\n\t\t\t\t<\/div>\n\t\t<div class=\"elementor-element elementor-element-ce005f6 e-flex e-con-boxed e-con e-parent\" data-id=\"ce005f6\" data-element_type=\"container\">\n\t\t\t\t\t<div class=\"e-con-inner\">\n\t\t\t\t<div class=\"elementor-element elementor-element-cb05f88 elementor-widget elementor-widget-shortcode\" data-id=\"cb05f88\" data-element_type=\"widget\" data-widget_type=\"shortcode.default\">\n\t\t\t\t\t\t\t<div class=\"elementor-shortcode\"><div class=\"transfer-cta-top\">\n  <a href=\"https:\/\/wa.me\/905431212110\" class=\"whatsapp-btn\">\n    WhatsApp Reservation\n  <\/a>\n\n  <a href=\"#booking-form\" class=\"price-btn\">\n    Get Instant Price\n  <\/a>\n<\/div><\/div>\n\t\t\t\t\t\t<\/div>\n\t\t\t\t\t<\/div>\n\t\t\t\t<\/div>\n\t\t\t\t<\/div>","protected":false},"excerpt":{"rendered":"<p>Antalya Airport to Alanya Transfer Travel comfortably from Antalya Airport to Alanya with our professional transfer services. Enjoy safe and reliable transportation with experienced drivers and modern vehicles. Alanya is one of the most popular travel destinations in Antalya. The distance from Antalya Airport is approximately 125 kilometers and the journey usually takes around 2 [&hellip;]<\/p>\n","protected":false},"author":1,"featured_media":0,"parent":0,"menu_order":0,"comment_status":"open","ping_status":"open","template":"","meta":{"_srk_meta_title":"%title% %sep% %site_title%","_srk_meta_description":"%excerpt% %title%","_srk_robots_meta":[],"_srk_canonical_url":"","_srk_advanced_settings":{"use_default_settings":true,"show_meta_box":true},"_srk_last_sync":1778499352,"footnotes":""},"class_list":["post-30133","page","type-page","status-publish","hentry"],"cubewp_post_meta":[],"taxonomies":[],"yoast_head":"<!-- This site is optimized with the Yoast SEO Premium plugin v26.7 (Yoast SEO v26.7) - https:\/\/yoast.com\/wordpress\/plugins\/seo\/ -->\n<title>Antalya Airport to Alanya Transfer - Antalya Explore | Antalya City Guide, Tours &amp; Local Businesses<\/title>\n<meta name=\"robots\" content=\"index, follow, max-snippet:-1, max-image-preview:large, max-video-preview:-1\" \/>\n<link rel=\"canonical\" href=\"https:\/\/antalyaexplore.com\/ru\/antalya-airport-to-alanya-transfer\/\" \/>\n<meta property=\"og:locale\" content=\"ru_RU\" \/>\n<meta property=\"og:type\" content=\"article\" \/>\n<meta property=\"og:title\" content=\"Antalya Airport to Alanya Transfer\" \/>\n<meta property=\"og:description\" content=\"Antalya Airport to Alanya Transfer Travel comfortably from Antalya Airport to Alanya with our professional transfer services. Enjoy safe and reliable transportation with experienced drivers and modern vehicles. Alanya is one of the most popular travel destinations in Antalya. The distance from Antalya Airport is approximately 125 kilometers and the journey usually takes around 2 [&hellip;]\" \/>\n<meta property=\"og:url\" content=\"https:\/\/antalyaexplore.com\/ru\/antalya-airport-to-alanya-transfer\/\" \/>\n<meta property=\"og:site_name\" content=\"Antalya Explore | Antalya City Guide, Tours &amp; Local Businesses\" \/>\n<meta property=\"article:modified_time\" content=\"2026-05-11T11:35:41+00:00\" \/>\n<meta property=\"og:image\" content=\"https:\/\/antalyaexplore.com\/wp-content\/uploads\/2026\/04\/cropped-Gemini_Generated_Image_qeeoqfqeeoqfqeeo.png\" \/>\n\t<meta property=\"og:image:width\" content=\"512\" \/>\n\t<meta property=\"og:image:height\" content=\"512\" \/>\n\t<meta property=\"og:image:type\" content=\"image\/png\" \/>\n<meta name=\"twitter:card\" content=\"summary_large_image\" \/>\n<meta name=\"twitter:label1\" content=\"\u041f\u0440\u0438\u043c\u0435\u0440\u043d\u043e\u0435 \u0432\u0440\u0435\u043c\u044f \u0434\u043b\u044f \u0447\u0442\u0435\u043d\u0438\u044f\" \/>\n\t<meta name=\"twitter:data1\" content=\"1 \u043c\u0438\u043d\u0443\u0442\u0430\" \/>\n<script type=\"application\/ld+json\" class=\"yoast-schema-graph\">{\"@context\":\"https:\/\/schema.org\",\"@graph\":[{\"@type\":\"WebPage\",\"@id\":\"https:\/\/antalyaexplore.com\/antalya-airport-to-alanya-transfer\/\",\"url\":\"https:\/\/antalyaexplore.com\/antalya-airport-to-alanya-transfer\/\",\"name\":\"Antalya Airport to Alanya Transfer - Antalya Explore | Antalya City Guide, Tours &amp; Local Businesses\",\"isPartOf\":{\"@id\":\"https:\/\/antalyaexplore.com\/#website\"},\"datePublished\":\"2026-05-11T10:40:16+00:00\",\"dateModified\":\"2026-05-11T11:35:41+00:00\",\"breadcrumb\":{\"@id\":\"https:\/\/antalyaexplore.com\/antalya-airport-to-alanya-transfer\/#breadcrumb\"},\"inLanguage\":\"ru-RU\",\"potentialAction\":[{\"@type\":\"ReadAction\",\"target\":[\"https:\/\/antalyaexplore.com\/antalya-airport-to-alanya-transfer\/\"]}]},{\"@type\":\"BreadcrumbList\",\"@id\":\"https:\/\/antalyaexplore.com\/antalya-airport-to-alanya-transfer\/#breadcrumb\",\"itemListElement\":[{\"@type\":\"ListItem\",\"position\":1,\"name\":\"Anasayfa\",\"item\":\"https:\/\/antalyaexplore.com\/\"},{\"@type\":\"ListItem\",\"position\":2,\"name\":\"Antalya Airport to Alanya Transfer\"}]},{\"@type\":\"WebSite\",\"@id\":\"https:\/\/antalyaexplore.com\/#website\",\"url\":\"https:\/\/antalyaexplore.com\/\",\"name\":\"Antalya Explore | Best Tours, Transfers, Restaurants & Beach Clubs in Antalya\",\"description\":\"Discover the best of Antalya: From luxury beach resorts and hidden spas to top-rated restaurants and daily excursions.\",\"publisher\":{\"@id\":\"https:\/\/antalyaexplore.com\/#organization\"},\"alternateName\":\"ExploreAntalya AntalyaBooking AntalyaHub VisitAntalya AntalyaTrips\",\"potentialAction\":[{\"@type\":\"SearchAction\",\"target\":{\"@type\":\"EntryPoint\",\"urlTemplate\":\"https:\/\/antalyaexplore.com\/?s={search_term_string}\"},\"query-input\":{\"@type\":\"PropertyValueSpecification\",\"valueRequired\":true,\"valueName\":\"search_term_string\"}}],\"inLanguage\":\"ru-RU\"},{\"@type\":\"Organization\",\"@id\":\"https:\/\/antalyaexplore.com\/#organization\",\"name\":\"Antalya Explore Travel Solutions\",\"alternateName\":\"Antalya Explore Tourism\",\"url\":\"https:\/\/antalyaexplore.com\/\",\"logo\":{\"@type\":\"ImageObject\",\"inLanguage\":\"ru-RU\",\"@id\":\"https:\/\/antalyaexplore.com\/#\/schema\/logo\/image\/\",\"url\":\"https:\/\/antalyaexplore.com\/wp-content\/uploads\/2026\/04\/ChatGPT-Image-11-Nis-2026-20_32_31-1024x683.png\",\"contentUrl\":\"https:\/\/antalyaexplore.com\/wp-content\/uploads\/2026\/04\/ChatGPT-Image-11-Nis-2026-20_32_31-1024x683.png\",\"width\":1024,\"height\":683,\"caption\":\"Antalya Explore Travel Solutions\"},\"image\":{\"@id\":\"https:\/\/antalyaexplore.com\/#\/schema\/logo\/image\/\"},\"sameAs\":[\"https:\/\/www.instagram.com\/antalyaexplore_com\/\"],\"description\":\"Antalya Explore, Antalya\u2019daki airport transfer, boat tours, beach clubs, restaurants, shopping, rent a car ve turistik aktiviteleri ziyaret\u00e7ilerle bulu\u015fturan dijital turizm ve ke\u015fif platformudur. Platform, kullan\u0131c\u0131lara g\u00fcvenilir i\u015fletmeleri ke\u015ffetme ve rezervasyon yapma imkan\u0131 sunarken, i\u015fletmelere dijital g\u00f6r\u00fcn\u00fcrl\u00fck ve m\u00fc\u015fteri eri\u015fimi sa\u011flamaktad\u0131r.\",\"email\":\"info@antalyaexplore.com\",\"telephone\":\"+905431212110\"}]}<\/script>\n<!-- \/ Yoast SEO Premium plugin. -->","yoast_head_json":{"title":"Antalya Airport to Alanya Transfer - Antalya Explore | Antalya City Guide, Tours &amp; Local Businesses","robots":{"index":"index","follow":"follow","max-snippet":"max-snippet:-1","max-image-preview":"max-image-preview:large","max-video-preview":"max-video-preview:-1"},"canonical":"https:\/\/antalyaexplore.com\/ru\/antalya-airport-to-alanya-transfer\/","og_locale":"ru_RU","og_type":"article","og_title":"Antalya Airport to Alanya Transfer","og_description":"Antalya Airport to Alanya Transfer Travel comfortably from Antalya Airport to Alanya with our professional transfer services. Enjoy safe and reliable transportation with experienced drivers and modern vehicles. Alanya is one of the most popular travel destinations in Antalya. The distance from Antalya Airport is approximately 125 kilometers and the journey usually takes around 2 [&hellip;]","og_url":"https:\/\/antalyaexplore.com\/ru\/antalya-airport-to-alanya-transfer\/","og_site_name":"Antalya Explore | Antalya City Guide, Tours &amp; Local Businesses","article_modified_time":"2026-05-11T11:35:41+00:00","og_image":[{"width":512,"height":512,"url":"https:\/\/antalyaexplore.com\/wp-content\/uploads\/2026\/04\/cropped-Gemini_Generated_Image_qeeoqfqeeoqfqeeo.png","type":"image\/png"}],"twitter_card":"summary_large_image","twitter_misc":{"\u041f\u0440\u0438\u043c\u0435\u0440\u043d\u043e\u0435 \u0432\u0440\u0435\u043c\u044f \u0434\u043b\u044f \u0447\u0442\u0435\u043d\u0438\u044f":"1 \u043c\u0438\u043d\u0443\u0442\u0430"},"schema":{"@context":"https:\/\/schema.org","@graph":[{"@type":"WebPage","@id":"https:\/\/antalyaexplore.com\/antalya-airport-to-alanya-transfer\/","url":"https:\/\/antalyaexplore.com\/antalya-airport-to-alanya-transfer\/","name":"Antalya Airport to Alanya Transfer - Antalya Explore | Antalya City Guide, Tours &amp; Local Businesses","isPartOf":{"@id":"https:\/\/antalyaexplore.com\/#website"},"datePublished":"2026-05-11T10:40:16+00:00","dateModified":"2026-05-11T11:35:41+00:00","breadcrumb":{"@id":"https:\/\/antalyaexplore.com\/antalya-airport-to-alanya-transfer\/#breadcrumb"},"inLanguage":"ru-RU","potentialAction":[{"@type":"ReadAction","target":["https:\/\/antalyaexplore.com\/antalya-airport-to-alanya-transfer\/"]}]},{"@type":"BreadcrumbList","@id":"https:\/\/antalyaexplore.com\/antalya-airport-to-alanya-transfer\/#breadcrumb","itemListElement":[{"@type":"ListItem","position":1,"name":"Anasayfa","item":"https:\/\/antalyaexplore.com\/"},{"@type":"ListItem","position":2,"name":"Antalya Airport to Alanya Transfer"}]},{"@type":"WebSite","@id":"https:\/\/antalyaexplore.com\/#website","url":"https:\/\/antalyaexplore.com\/","name":"Antalya Explore | Best Tours, Transfers, Restaurants & Beach Clubs in Antalya","description":"Discover the best of Antalya: From luxury beach resorts and hidden spas to top-rated restaurants and daily excursions.","publisher":{"@id":"https:\/\/antalyaexplore.com\/#organization"},"alternateName":"ExploreAntalya AntalyaBooking AntalyaHub VisitAntalya AntalyaTrips","potentialAction":[{"@type":"SearchAction","target":{"@type":"EntryPoint","urlTemplate":"https:\/\/antalyaexplore.com\/?s={search_term_string}"},"query-input":{"@type":"PropertyValueSpecification","valueRequired":true,"valueName":"search_term_string"}}],"inLanguage":"ru-RU"},{"@type":"Organization","@id":"https:\/\/antalyaexplore.com\/#organization","name":"Antalya Explore Travel Solutions","alternateName":"Antalya Explore Tourism","url":"https:\/\/antalyaexplore.com\/","logo":{"@type":"ImageObject","inLanguage":"ru-RU","@id":"https:\/\/antalyaexplore.com\/#\/schema\/logo\/image\/","url":"https:\/\/antalyaexplore.com\/wp-content\/uploads\/2026\/04\/ChatGPT-Image-11-Nis-2026-20_32_31-1024x683.png","contentUrl":"https:\/\/antalyaexplore.com\/wp-content\/uploads\/2026\/04\/ChatGPT-Image-11-Nis-2026-20_32_31-1024x683.png","width":1024,"height":683,"caption":"Antalya Explore Travel Solutions"},"image":{"@id":"https:\/\/antalyaexplore.com\/#\/schema\/logo\/image\/"},"sameAs":["https:\/\/www.instagram.com\/antalyaexplore_com\/"],"description":"Antalya Explore, Antalya\u2019daki airport transfer, boat tours, beach clubs, restaurants, shopping, rent a car ve turistik aktiviteleri ziyaret\u00e7ilerle bulu\u015fturan dijital turizm ve ke\u015fif platformudur. Platform, kullan\u0131c\u0131lara g\u00fcvenilir i\u015fletmeleri ke\u015ffetme ve rezervasyon yapma imkan\u0131 sunarken, i\u015fletmelere dijital g\u00f6r\u00fcn\u00fcrl\u00fck ve m\u00fc\u015fteri eri\u015fimi sa\u011flamaktad\u0131r.","email":"info@antalyaexplore.com","telephone":"+905431212110"}]}},"_links":{"self":[{"href":"https:\/\/antalyaexplore.com\/ru\/wp-json\/wp\/v2\/pages\/30133","targetHints":{"allow":["GET"]}}],"collection":[{"href":"https:\/\/antalyaexplore.com\/ru\/wp-json\/wp\/v2\/pages"}],"about":[{"href":"https:\/\/antalyaexplore.com\/ru\/wp-json\/wp\/v2\/types\/page"}],"author":[{"embeddable":true,"href":"https:\/\/antalyaexplore.com\/ru\/wp-json\/wp\/v2\/users\/1"}],"replies":[{"embeddable":true,"href":"https:\/\/antalyaexplore.com\/ru\/wp-json\/wp\/v2\/comments?post=30133"}],"version-history":[{"count":3,"href":"https:\/\/antalyaexplore.com\/ru\/wp-json\/wp\/v2\/pages\/30133\/revisions"}],"predecessor-version":[{"id":30159,"href":"https:\/\/antalyaexplore.com\/ru\/wp-json\/wp\/v2\/pages\/30133\/revisions\/30159"}],"wp:attachment":[{"href":"https:\/\/antalyaexplore.com\/ru\/wp-json\/wp\/v2\/media?parent=30133"}],"curies":[{"name":"wp","href":"https:\/\/api.w.org\/{rel}","templated":true}]}}