{"id":30138,"date":"2026-05-11T10:40:16","date_gmt":"2026-05-11T10:40:16","guid":{"rendered":"https:\/\/antalyaexplore.com\/antalya-airport-vip-transfer\/"},"modified":"2026-05-11T10:40:16","modified_gmt":"2026-05-11T10:40:16","slug":"antalya-airport-vip-transfer","status":"publish","type":"page","link":"https:\/\/antalyaexplore.com\/ru\/antalya-airport-vip-transfer\/","title":{"rendered":"Antalya Airport VIP Transfer"},"content":{"rendered":"<h1>Antalya Airport VIP Transfer<\/h1>\n<p>Travel comfortably from Antalya Airport to Antalya with our professional transfer services. Enjoy safe and reliable transportation with experienced drivers and modern vehicles.<\/p>\n<p>Antalya is one of the most popular travel destinations in Antalya. The distance from Antalya Airport is approximately various destinations and the journey usually takes around comfortable travel depending on traffic conditions.<\/p>\n<h2>Why Choose Our Transfer Service?<\/h2>\n<ul>\n<li>24\/7 airport pickup service<\/li>\n<li>Professional English speaking drivers<\/li>\n<li>VIP and private vehicle options<\/li>\n<li>Affordable fixed prices<\/li>\n<li>Direct hotel drop-off<\/li>\n<li>Comfortable air-conditioned vehicles<\/li>\n<\/ul>\n<h2>Comfortable and Safe Transfers<\/h2>\n<p>Our Antalya airport transfer services are designed for tourists, families, couples and groups looking for a stress-free travel experience.<\/p>\n<h2>Book Your Transfer Today<\/h2>\n<p>Reserve your airport transfer online and enjoy a safe, reliable and comfortable transportation experience in Antalya.<\/p>\n<p>antalya-airport-vip-transfer<\/p>","protected":false},"excerpt":{"rendered":"<p>Antalya Airport VIP Transfer Travel comfortably from Antalya Airport to Antalya with our professional transfer services. Enjoy safe and reliable transportation with experienced drivers and modern vehicles. Antalya is one of the most popular travel destinations in Antalya. The distance from Antalya Airport is approximately various destinations and the journey usually takes around comfortable travel [&hellip;]<\/p>\n","protected":false},"author":1,"featured_media":0,"parent":0,"menu_order":0,"comment_status":"open","ping_status":"open","template":"","meta":{"_srk_meta_title":"","_srk_meta_description":"","_srk_robots_meta":[],"_srk_canonical_url":"","_srk_advanced_settings":[],"_srk_last_sync":0,"footnotes":""},"class_list":["post-30138","page","type-page","status-publish","hentry"],"cubewp_post_meta":[],"taxonomies":[],"yoast_head":"<!-- This site is optimized with the Yoast SEO Premium plugin v26.7 (Yoast SEO v26.7) - https:\/\/yoast.com\/wordpress\/plugins\/seo\/ -->\n<title>Antalya Airport VIP Transfer - Antalya Explore | Antalya City Guide, Tours &amp; Local Businesses<\/title>\n<meta name=\"robots\" content=\"index, follow, max-snippet:-1, max-image-preview:large, max-video-preview:-1\" \/>\n<link rel=\"canonical\" href=\"https:\/\/antalyaexplore.com\/ru\/antalya-airport-vip-transfer\/\" \/>\n<meta property=\"og:locale\" content=\"ru_RU\" \/>\n<meta property=\"og:type\" content=\"article\" \/>\n<meta property=\"og:title\" content=\"Antalya Airport VIP Transfer\" \/>\n<meta property=\"og:description\" content=\"Antalya Airport VIP Transfer Travel comfortably from Antalya Airport to Antalya with our professional transfer services. Enjoy safe and reliable transportation with experienced drivers and modern vehicles. Antalya is one of the most popular travel destinations in Antalya. The distance from Antalya Airport is approximately various destinations and the journey usually takes around comfortable travel [&hellip;]\" \/>\n<meta property=\"og:url\" content=\"https:\/\/antalyaexplore.com\/ru\/antalya-airport-vip-transfer\/\" \/>\n<meta property=\"og:site_name\" content=\"Antalya Explore | Antalya City Guide, Tours &amp; Local Businesses\" \/>\n<meta property=\"og:image\" content=\"https:\/\/antalyaexplore.com\/wp-content\/uploads\/2026\/04\/cropped-Gemini_Generated_Image_qeeoqfqeeoqfqeeo.png\" \/>\n\t<meta property=\"og:image:width\" content=\"512\" \/>\n\t<meta property=\"og:image:height\" content=\"512\" \/>\n\t<meta property=\"og:image:type\" content=\"image\/png\" \/>\n<meta name=\"twitter:card\" content=\"summary_large_image\" \/>\n<meta name=\"twitter:label1\" content=\"\u041f\u0440\u0438\u043c\u0435\u0440\u043d\u043e\u0435 \u0432\u0440\u0435\u043c\u044f \u0434\u043b\u044f \u0447\u0442\u0435\u043d\u0438\u044f\" \/>\n\t<meta name=\"twitter:data1\" content=\"1 \u043c\u0438\u043d\u0443\u0442\u0430\" \/>\n<script type=\"application\/ld+json\" class=\"yoast-schema-graph\">{\"@context\":\"https:\/\/schema.org\",\"@graph\":[{\"@type\":\"WebPage\",\"@id\":\"https:\/\/antalyaexplore.com\/antalya-airport-vip-transfer\/\",\"url\":\"https:\/\/antalyaexplore.com\/antalya-airport-vip-transfer\/\",\"name\":\"Antalya Airport VIP Transfer - Antalya Explore | Antalya City Guide, Tours &amp; Local Businesses\",\"isPartOf\":{\"@id\":\"https:\/\/antalyaexplore.com\/#website\"},\"datePublished\":\"2026-05-11T10:40:16+00:00\",\"breadcrumb\":{\"@id\":\"https:\/\/antalyaexplore.com\/antalya-airport-vip-transfer\/#breadcrumb\"},\"inLanguage\":\"ru-RU\",\"potentialAction\":[{\"@type\":\"ReadAction\",\"target\":[\"https:\/\/antalyaexplore.com\/antalya-airport-vip-transfer\/\"]}]},{\"@type\":\"BreadcrumbList\",\"@id\":\"https:\/\/antalyaexplore.com\/antalya-airport-vip-transfer\/#breadcrumb\",\"itemListElement\":[{\"@type\":\"ListItem\",\"position\":1,\"name\":\"Anasayfa\",\"item\":\"https:\/\/antalyaexplore.com\/\"},{\"@type\":\"ListItem\",\"position\":2,\"name\":\"Antalya Airport VIP Transfer\"}]},{\"@type\":\"WebSite\",\"@id\":\"https:\/\/antalyaexplore.com\/#website\",\"url\":\"https:\/\/antalyaexplore.com\/\",\"name\":\"Antalya Explore | Best Tours, Transfers, Restaurants & Beach Clubs in Antalya\",\"description\":\"Discover the best of Antalya: From luxury beach resorts and hidden spas to top-rated restaurants and daily excursions.\",\"publisher\":{\"@id\":\"https:\/\/antalyaexplore.com\/#organization\"},\"alternateName\":\"ExploreAntalya AntalyaBooking AntalyaHub VisitAntalya AntalyaTrips\",\"potentialAction\":[{\"@type\":\"SearchAction\",\"target\":{\"@type\":\"EntryPoint\",\"urlTemplate\":\"https:\/\/antalyaexplore.com\/?s={search_term_string}\"},\"query-input\":{\"@type\":\"PropertyValueSpecification\",\"valueRequired\":true,\"valueName\":\"search_term_string\"}}],\"inLanguage\":\"ru-RU\"},{\"@type\":\"Organization\",\"@id\":\"https:\/\/antalyaexplore.com\/#organization\",\"name\":\"Antalya Explore Travel Solutions\",\"alternateName\":\"Antalya Explore Tourism\",\"url\":\"https:\/\/antalyaexplore.com\/\",\"logo\":{\"@type\":\"ImageObject\",\"inLanguage\":\"ru-RU\",\"@id\":\"https:\/\/antalyaexplore.com\/#\/schema\/logo\/image\/\",\"url\":\"https:\/\/antalyaexplore.com\/wp-content\/uploads\/2026\/04\/ChatGPT-Image-11-Nis-2026-20_32_31-1024x683.png\",\"contentUrl\":\"https:\/\/antalyaexplore.com\/wp-content\/uploads\/2026\/04\/ChatGPT-Image-11-Nis-2026-20_32_31-1024x683.png\",\"width\":1024,\"height\":683,\"caption\":\"Antalya Explore Travel Solutions\"},\"image\":{\"@id\":\"https:\/\/antalyaexplore.com\/#\/schema\/logo\/image\/\"},\"sameAs\":[\"https:\/\/www.instagram.com\/antalyaexplore_com\/\"],\"description\":\"Antalya Explore, Antalya\u2019daki airport transfer, boat tours, beach clubs, restaurants, shopping, rent a car ve turistik aktiviteleri ziyaret\u00e7ilerle bulu\u015fturan dijital turizm ve ke\u015fif platformudur. Platform, kullan\u0131c\u0131lara g\u00fcvenilir i\u015fletmeleri ke\u015ffetme ve rezervasyon yapma imkan\u0131 sunarken, i\u015fletmelere dijital g\u00f6r\u00fcn\u00fcrl\u00fck ve m\u00fc\u015fteri eri\u015fimi sa\u011flamaktad\u0131r.\",\"email\":\"info@antalyaexplore.com\",\"telephone\":\"+905431212110\"}]}<\/script>\n<!-- \/ Yoast SEO Premium plugin. -->","yoast_head_json":{"title":"Antalya Airport VIP Transfer - Antalya Explore | Antalya City Guide, Tours &amp; Local Businesses","robots":{"index":"index","follow":"follow","max-snippet":"max-snippet:-1","max-image-preview":"max-image-preview:large","max-video-preview":"max-video-preview:-1"},"canonical":"https:\/\/antalyaexplore.com\/ru\/antalya-airport-vip-transfer\/","og_locale":"ru_RU","og_type":"article","og_title":"Antalya Airport VIP Transfer","og_description":"Antalya Airport VIP Transfer Travel comfortably from Antalya Airport to Antalya with our professional transfer services. Enjoy safe and reliable transportation with experienced drivers and modern vehicles. Antalya is one of the most popular travel destinations in Antalya. The distance from Antalya Airport is approximately various destinations and the journey usually takes around comfortable travel [&hellip;]","og_url":"https:\/\/antalyaexplore.com\/ru\/antalya-airport-vip-transfer\/","og_site_name":"Antalya Explore | Antalya City Guide, Tours &amp; Local Businesses","og_image":[{"width":512,"height":512,"url":"https:\/\/antalyaexplore.com\/wp-content\/uploads\/2026\/04\/cropped-Gemini_Generated_Image_qeeoqfqeeoqfqeeo.png","type":"image\/png"}],"twitter_card":"summary_large_image","twitter_misc":{"\u041f\u0440\u0438\u043c\u0435\u0440\u043d\u043e\u0435 \u0432\u0440\u0435\u043c\u044f \u0434\u043b\u044f \u0447\u0442\u0435\u043d\u0438\u044f":"1 \u043c\u0438\u043d\u0443\u0442\u0430"},"schema":{"@context":"https:\/\/schema.org","@graph":[{"@type":"WebPage","@id":"https:\/\/antalyaexplore.com\/antalya-airport-vip-transfer\/","url":"https:\/\/antalyaexplore.com\/antalya-airport-vip-transfer\/","name":"Antalya Airport VIP Transfer - Antalya Explore | Antalya City Guide, Tours &amp; Local Businesses","isPartOf":{"@id":"https:\/\/antalyaexplore.com\/#website"},"datePublished":"2026-05-11T10:40:16+00:00","breadcrumb":{"@id":"https:\/\/antalyaexplore.com\/antalya-airport-vip-transfer\/#breadcrumb"},"inLanguage":"ru-RU","potentialAction":[{"@type":"ReadAction","target":["https:\/\/antalyaexplore.com\/antalya-airport-vip-transfer\/"]}]},{"@type":"BreadcrumbList","@id":"https:\/\/antalyaexplore.com\/antalya-airport-vip-transfer\/#breadcrumb","itemListElement":[{"@type":"ListItem","position":1,"name":"Anasayfa","item":"https:\/\/antalyaexplore.com\/"},{"@type":"ListItem","position":2,"name":"Antalya Airport VIP Transfer"}]},{"@type":"WebSite","@id":"https:\/\/antalyaexplore.com\/#website","url":"https:\/\/antalyaexplore.com\/","name":"Antalya Explore | Best Tours, Transfers, Restaurants & Beach Clubs in Antalya","description":"Discover the best of Antalya: From luxury beach resorts and hidden spas to top-rated restaurants and daily excursions.","publisher":{"@id":"https:\/\/antalyaexplore.com\/#organization"},"alternateName":"ExploreAntalya AntalyaBooking AntalyaHub VisitAntalya AntalyaTrips","potentialAction":[{"@type":"SearchAction","target":{"@type":"EntryPoint","urlTemplate":"https:\/\/antalyaexplore.com\/?s={search_term_string}"},"query-input":{"@type":"PropertyValueSpecification","valueRequired":true,"valueName":"search_term_string"}}],"inLanguage":"ru-RU"},{"@type":"Organization","@id":"https:\/\/antalyaexplore.com\/#organization","name":"Antalya Explore Travel Solutions","alternateName":"Antalya Explore Tourism","url":"https:\/\/antalyaexplore.com\/","logo":{"@type":"ImageObject","inLanguage":"ru-RU","@id":"https:\/\/antalyaexplore.com\/#\/schema\/logo\/image\/","url":"https:\/\/antalyaexplore.com\/wp-content\/uploads\/2026\/04\/ChatGPT-Image-11-Nis-2026-20_32_31-1024x683.png","contentUrl":"https:\/\/antalyaexplore.com\/wp-content\/uploads\/2026\/04\/ChatGPT-Image-11-Nis-2026-20_32_31-1024x683.png","width":1024,"height":683,"caption":"Antalya Explore Travel Solutions"},"image":{"@id":"https:\/\/antalyaexplore.com\/#\/schema\/logo\/image\/"},"sameAs":["https:\/\/www.instagram.com\/antalyaexplore_com\/"],"description":"Antalya Explore, Antalya\u2019daki airport transfer, boat tours, beach clubs, restaurants, shopping, rent a car ve turistik aktiviteleri ziyaret\u00e7ilerle bulu\u015fturan dijital turizm ve ke\u015fif platformudur. Platform, kullan\u0131c\u0131lara g\u00fcvenilir i\u015fletmeleri ke\u015ffetme ve rezervasyon yapma imkan\u0131 sunarken, i\u015fletmelere dijital g\u00f6r\u00fcn\u00fcrl\u00fck ve m\u00fc\u015fteri eri\u015fimi sa\u011flamaktad\u0131r.","email":"info@antalyaexplore.com","telephone":"+905431212110"}]}},"_links":{"self":[{"href":"https:\/\/antalyaexplore.com\/ru\/wp-json\/wp\/v2\/pages\/30138","targetHints":{"allow":["GET"]}}],"collection":[{"href":"https:\/\/antalyaexplore.com\/ru\/wp-json\/wp\/v2\/pages"}],"about":[{"href":"https:\/\/antalyaexplore.com\/ru\/wp-json\/wp\/v2\/types\/page"}],"author":[{"embeddable":true,"href":"https:\/\/antalyaexplore.com\/ru\/wp-json\/wp\/v2\/users\/1"}],"replies":[{"embeddable":true,"href":"https:\/\/antalyaexplore.com\/ru\/wp-json\/wp\/v2\/comments?post=30138"}],"version-history":[{"count":0,"href":"https:\/\/antalyaexplore.com\/ru\/wp-json\/wp\/v2\/pages\/30138\/revisions"}],"wp:attachment":[{"href":"https:\/\/antalyaexplore.com\/ru\/wp-json\/wp\/v2\/media?parent=30138"}],"curies":[{"name":"wp","href":"https:\/\/api.w.org\/{rel}","templated":true}]}}