{"id":57,"date":"2020-01-01T15:39:38","date_gmt":"2020-01-01T15:39:38","guid":{"rendered":"http:\/\/localhost\/demo\/?page_id=57"},"modified":"2026-05-11T07:38:00","modified_gmt":"2026-05-11T07:38:00","slug":"antalya-explore-contact","status":"publish","type":"page","link":"https:\/\/antalyaexplore.com\/ru\/antalya-explore-contact\/","title":{"rendered":"\u041a\u043e\u043d\u0442\u0430\u043a\u0442"},"content":{"rendered":"","protected":false},"excerpt":{"rendered":"","protected":false},"author":1,"featured_media":0,"parent":0,"menu_order":0,"comment_status":"closed","ping_status":"closed","template":"template-contact.php","meta":{"_srk_meta_title":"%title% %sep% %site_title%","_srk_meta_description":"%excerpt%","_srk_robots_meta":[],"_srk_canonical_url":"","_srk_advanced_settings":{"use_default_settings":true,"show_meta_box":true},"_srk_last_sync":1778020137,"footnotes":""},"class_list":["post-57","page","type-page","status-publish","hentry"],"cubewp_post_meta":[],"taxonomies":[],"yoast_head":"<!-- This site is optimized with the Yoast SEO Premium plugin v26.7 (Yoast SEO v26.7) - https:\/\/yoast.com\/wordpress\/plugins\/seo\/ -->\n<title>Contact - Antalya Explore | Antalya City Guide, Tours &amp; Local Businesses<\/title>\n<meta name=\"robots\" content=\"index, follow, max-snippet:-1, max-image-preview:large, max-video-preview:-1\" \/>\n<link rel=\"canonical\" href=\"https:\/\/antalyaexplore.com\/ru\/antalya-explore-contact\/\" \/>\n<meta property=\"og:locale\" content=\"ru_RU\" \/>\n<meta property=\"og:type\" content=\"article\" \/>\n<meta property=\"og:title\" content=\"Contact\" \/>\n<meta property=\"og:url\" content=\"https:\/\/antalyaexplore.com\/ru\/antalya-explore-contact\/\" \/>\n<meta property=\"og:site_name\" content=\"Antalya Explore | Antalya City Guide, Tours &amp; Local Businesses\" \/>\n<meta property=\"article:modified_time\" content=\"2026-05-11T07:38:00+00:00\" \/>\n<meta property=\"og:image\" content=\"https:\/\/antalyaexplore.com\/wp-content\/uploads\/2026\/04\/cropped-Gemini_Generated_Image_qeeoqfqeeoqfqeeo.png\" \/>\n\t<meta property=\"og:image:width\" content=\"512\" \/>\n\t<meta property=\"og:image:height\" content=\"512\" \/>\n\t<meta property=\"og:image:type\" content=\"image\/png\" \/>\n<meta name=\"twitter:card\" content=\"summary_large_image\" \/>\n<script type=\"application\/ld+json\" class=\"yoast-schema-graph\">{\"@context\":\"https:\/\/schema.org\",\"@graph\":[{\"@type\":\"WebPage\",\"@id\":\"https:\/\/antalyaexplore.com\/antalya-explore-contact\/\",\"url\":\"https:\/\/antalyaexplore.com\/antalya-explore-contact\/\",\"name\":\"Contact - Antalya Explore | Antalya City Guide, Tours &amp; Local Businesses\",\"isPartOf\":{\"@id\":\"https:\/\/antalyaexplore.com\/#website\"},\"datePublished\":\"2020-01-01T15:39:38+00:00\",\"dateModified\":\"2026-05-11T07:38:00+00:00\",\"breadcrumb\":{\"@id\":\"https:\/\/antalyaexplore.com\/antalya-explore-contact\/#breadcrumb\"},\"inLanguage\":\"ru-RU\",\"potentialAction\":[{\"@type\":\"ReadAction\",\"target\":[\"https:\/\/antalyaexplore.com\/antalya-explore-contact\/\"]}]},{\"@type\":\"BreadcrumbList\",\"@id\":\"https:\/\/antalyaexplore.com\/antalya-explore-contact\/#breadcrumb\",\"itemListElement\":[{\"@type\":\"ListItem\",\"position\":1,\"name\":\"Anasayfa\",\"item\":\"https:\/\/antalyaexplore.com\/\"},{\"@type\":\"ListItem\",\"position\":2,\"name\":\"Contact\"}]},{\"@type\":\"WebSite\",\"@id\":\"https:\/\/antalyaexplore.com\/#website\",\"url\":\"https:\/\/antalyaexplore.com\/\",\"name\":\"Antalya Explore | Best Tours, Transfers, Restaurants & Beach Clubs in Antalya\",\"description\":\"Discover the best of Antalya: From luxury beach resorts and hidden spas to top-rated restaurants and daily excursions.\",\"publisher\":{\"@id\":\"https:\/\/antalyaexplore.com\/#organization\"},\"alternateName\":\"ExploreAntalya AntalyaBooking AntalyaHub VisitAntalya AntalyaTrips\",\"potentialAction\":[{\"@type\":\"SearchAction\",\"target\":{\"@type\":\"EntryPoint\",\"urlTemplate\":\"https:\/\/antalyaexplore.com\/?s={search_term_string}\"},\"query-input\":{\"@type\":\"PropertyValueSpecification\",\"valueRequired\":true,\"valueName\":\"search_term_string\"}}],\"inLanguage\":\"ru-RU\"},{\"@type\":\"Organization\",\"@id\":\"https:\/\/antalyaexplore.com\/#organization\",\"name\":\"Antalya Explore Travel Solutions\",\"alternateName\":\"Antalya Explore Tourism\",\"url\":\"https:\/\/antalyaexplore.com\/\",\"logo\":{\"@type\":\"ImageObject\",\"inLanguage\":\"ru-RU\",\"@id\":\"https:\/\/antalyaexplore.com\/#\/schema\/logo\/image\/\",\"url\":\"https:\/\/antalyaexplore.com\/wp-content\/uploads\/2026\/04\/ChatGPT-Image-11-Nis-2026-20_32_31-1024x683.png\",\"contentUrl\":\"https:\/\/antalyaexplore.com\/wp-content\/uploads\/2026\/04\/ChatGPT-Image-11-Nis-2026-20_32_31-1024x683.png\",\"width\":1024,\"height\":683,\"caption\":\"Antalya Explore Travel Solutions\"},\"image\":{\"@id\":\"https:\/\/antalyaexplore.com\/#\/schema\/logo\/image\/\"},\"sameAs\":[\"https:\/\/www.instagram.com\/antalyaexplore_com\/\"],\"description\":\"Antalya Explore, Antalya\u2019daki airport transfer, boat tours, beach clubs, restaurants, shopping, rent a car ve turistik aktiviteleri ziyaret\u00e7ilerle bulu\u015fturan dijital turizm ve ke\u015fif platformudur. Platform, kullan\u0131c\u0131lara g\u00fcvenilir i\u015fletmeleri ke\u015ffetme ve rezervasyon yapma imkan\u0131 sunarken, i\u015fletmelere dijital g\u00f6r\u00fcn\u00fcrl\u00fck ve m\u00fc\u015fteri eri\u015fimi sa\u011flamaktad\u0131r.\",\"email\":\"info@antalyaexplore.com\",\"telephone\":\"+905431212110\"}]}<\/script>\n<!-- \/ Yoast SEO Premium plugin. -->","yoast_head_json":{"title":"Contact - Antalya Explore | Antalya City Guide, Tours &amp; Local Businesses","robots":{"index":"index","follow":"follow","max-snippet":"max-snippet:-1","max-image-preview":"max-image-preview:large","max-video-preview":"max-video-preview:-1"},"canonical":"https:\/\/antalyaexplore.com\/ru\/antalya-explore-contact\/","og_locale":"ru_RU","og_type":"article","og_title":"Contact","og_url":"https:\/\/antalyaexplore.com\/ru\/antalya-explore-contact\/","og_site_name":"Antalya Explore | Antalya City Guide, Tours &amp; Local Businesses","article_modified_time":"2026-05-11T07:38:00+00:00","og_image":[{"width":512,"height":512,"url":"https:\/\/antalyaexplore.com\/wp-content\/uploads\/2026\/04\/cropped-Gemini_Generated_Image_qeeoqfqeeoqfqeeo.png","type":"image\/png"}],"twitter_card":"summary_large_image","schema":{"@context":"https:\/\/schema.org","@graph":[{"@type":"WebPage","@id":"https:\/\/antalyaexplore.com\/antalya-explore-contact\/","url":"https:\/\/antalyaexplore.com\/antalya-explore-contact\/","name":"Contact - Antalya Explore | Antalya City Guide, Tours &amp; Local Businesses","isPartOf":{"@id":"https:\/\/antalyaexplore.com\/#website"},"datePublished":"2020-01-01T15:39:38+00:00","dateModified":"2026-05-11T07:38:00+00:00","breadcrumb":{"@id":"https:\/\/antalyaexplore.com\/antalya-explore-contact\/#breadcrumb"},"inLanguage":"ru-RU","potentialAction":[{"@type":"ReadAction","target":["https:\/\/antalyaexplore.com\/antalya-explore-contact\/"]}]},{"@type":"BreadcrumbList","@id":"https:\/\/antalyaexplore.com\/antalya-explore-contact\/#breadcrumb","itemListElement":[{"@type":"ListItem","position":1,"name":"Anasayfa","item":"https:\/\/antalyaexplore.com\/"},{"@type":"ListItem","position":2,"name":"Contact"}]},{"@type":"WebSite","@id":"https:\/\/antalyaexplore.com\/#website","url":"https:\/\/antalyaexplore.com\/","name":"Antalya Explore | Best Tours, Transfers, Restaurants & Beach Clubs in Antalya","description":"Discover the best of Antalya: From luxury beach resorts and hidden spas to top-rated restaurants and daily excursions.","publisher":{"@id":"https:\/\/antalyaexplore.com\/#organization"},"alternateName":"ExploreAntalya AntalyaBooking AntalyaHub VisitAntalya AntalyaTrips","potentialAction":[{"@type":"SearchAction","target":{"@type":"EntryPoint","urlTemplate":"https:\/\/antalyaexplore.com\/?s={search_term_string}"},"query-input":{"@type":"PropertyValueSpecification","valueRequired":true,"valueName":"search_term_string"}}],"inLanguage":"ru-RU"},{"@type":"Organization","@id":"https:\/\/antalyaexplore.com\/#organization","name":"Antalya Explore Travel Solutions","alternateName":"Antalya Explore Tourism","url":"https:\/\/antalyaexplore.com\/","logo":{"@type":"ImageObject","inLanguage":"ru-RU","@id":"https:\/\/antalyaexplore.com\/#\/schema\/logo\/image\/","url":"https:\/\/antalyaexplore.com\/wp-content\/uploads\/2026\/04\/ChatGPT-Image-11-Nis-2026-20_32_31-1024x683.png","contentUrl":"https:\/\/antalyaexplore.com\/wp-content\/uploads\/2026\/04\/ChatGPT-Image-11-Nis-2026-20_32_31-1024x683.png","width":1024,"height":683,"caption":"Antalya Explore Travel Solutions"},"image":{"@id":"https:\/\/antalyaexplore.com\/#\/schema\/logo\/image\/"},"sameAs":["https:\/\/www.instagram.com\/antalyaexplore_com\/"],"description":"Antalya Explore, Antalya\u2019daki airport transfer, boat tours, beach clubs, restaurants, shopping, rent a car ve turistik aktiviteleri ziyaret\u00e7ilerle bulu\u015fturan dijital turizm ve ke\u015fif platformudur. Platform, kullan\u0131c\u0131lara g\u00fcvenilir i\u015fletmeleri ke\u015ffetme ve rezervasyon yapma imkan\u0131 sunarken, i\u015fletmelere dijital g\u00f6r\u00fcn\u00fcrl\u00fck ve m\u00fc\u015fteri eri\u015fimi sa\u011flamaktad\u0131r.","email":"info@antalyaexplore.com","telephone":"+905431212110"}]}},"_links":{"self":[{"href":"https:\/\/antalyaexplore.com\/ru\/wp-json\/wp\/v2\/pages\/57","targetHints":{"allow":["GET"]}}],"collection":[{"href":"https:\/\/antalyaexplore.com\/ru\/wp-json\/wp\/v2\/pages"}],"about":[{"href":"https:\/\/antalyaexplore.com\/ru\/wp-json\/wp\/v2\/types\/page"}],"author":[{"embeddable":true,"href":"https:\/\/antalyaexplore.com\/ru\/wp-json\/wp\/v2\/users\/1"}],"replies":[{"embeddable":true,"href":"https:\/\/antalyaexplore.com\/ru\/wp-json\/wp\/v2\/comments?post=57"}],"version-history":[{"count":1,"href":"https:\/\/antalyaexplore.com\/ru\/wp-json\/wp\/v2\/pages\/57\/revisions"}],"predecessor-version":[{"id":30066,"href":"https:\/\/antalyaexplore.com\/ru\/wp-json\/wp\/v2\/pages\/57\/revisions\/30066"}],"wp:attachment":[{"href":"https:\/\/antalyaexplore.com\/ru\/wp-json\/wp\/v2\/media?parent=57"}],"curies":[{"name":"wp","href":"https:\/\/api.w.org\/{rel}","templated":true}]}}